{"id":1076,"date":"2024-07-23T19:02:18","date_gmt":"2024-07-23T19:02:18","guid":{"rendered":"http:\/\/bluemintdata.com\/?page_id=1076"},"modified":"2024-08-12T19:48:09","modified_gmt":"2024-08-12T19:48:09","slug":"agendar-cita","status":"publish","type":"page","link":"https:\/\/bluemintdata.com\/en\/agendar-cita\/","title":{"rendered":"Schedule"},"content":{"rendered":"<p>[et_pb_section fb_built=&#8221;1&#8243; admin_label=&#8221;Footer&#8221; module_id=&#8221;agenda&#8221; _builder_version=&#8221;4.26.0&#8243; _module_preset=&#8221;default&#8221; background_color=&#8221;gcid-9ae412ef-a7ae-42a5-ab5b-f691fccab059&#8243; use_background_color_gradient=&#8221;on&#8221; background_color_gradient_stops=&#8221;#090915 0%|rgba(9,9,21,0) 96%|gcid-a3e5931d-af7f-4296-a59b-0d751af012d0 99%&#8221; background_color_gradient_overlays_image=&#8221;on&#8221; background_enable_image=&#8221;off&#8221; background_size=&#8221;initial&#8221; background_position=&#8221;bottom_center&#8221; background_enable_pattern_style=&#8221;on&#8221; background_pattern_style=&#8221;scallops&#8221; background_pattern_color=&#8221;RGBA(0,0,0,0.5)&#8221; background_pattern_size=&#8221;custom&#8221; background_pattern_width=&#8221;8px&#8221; custom_padding=&#8221;0vw||2vw||false|false&#8221; saved_tabs=&#8221;all&#8221; locked=&#8221;off&#8221; collapsed=&#8221;on&#8221; global_colors_info=&#8221;{%22gcid-9ae412ef-a7ae-42a5-ab5b-f691fccab059%22:%91%22background_color%22%93,%22gcid-a3e5931d-af7f-4296-a59b-0d751af012d0%22:%91%22background_color_gradient_stops%22%93}&#8221;][et_pb_row _builder_version=&#8221;4.27.0&#8243; _module_preset=&#8221;default&#8221; min_height=&#8221;52.1px&#8221; custom_padding=&#8221;8px|0px||0px|false|true&#8221; locked=&#8221;off&#8221; global_colors_info=&#8221;{}&#8221;][et_pb_column type=&#8221;4_4&#8243; _builder_version=&#8221;4.27.0&#8243; _module_preset=&#8221;default&#8221; global_colors_info=&#8221;{}&#8221;][divi_step_booking booking_params=&#8221;off&#8221; _builder_version=&#8221;4.27.0&#8243; _module_preset=&#8221;default&#8221; global_colors_info=&#8221;{}&#8221;][\/divi_step_booking][\/et_pb_column][\/et_pb_row][et_pb_row column_structure=&#8221;1_2,1_2&#8243; custom_padding_last_edited=&#8221;on|phone&#8221; _builder_version=&#8221;4.26.0&#8243; _module_preset=&#8221;default&#8221; custom_padding_tablet=&#8221;&#8221; custom_padding_phone=&#8221;|5px||5px|false|true&#8221; saved_tabs=&#8221;all&#8221; locked=&#8221;off&#8221; global_colors_info=&#8221;{}&#8221;][et_pb_column type=&#8221;1_2&#8243; _builder_version=&#8221;4.19.2&#8243; _module_preset=&#8221;default&#8221; use_background_color_gradient=&#8221;on&#8221; background_color_gradient_direction=&#8221;210deg&#8221; background_color_gradient_stops=&#8221;rgba(255,255,255,0.1) 20%|rgba(255,255,255,0) 70%&#8221; custom_padding=&#8221;30px|30px|30px|30px|true|true&#8221; custom_padding_tablet=&#8221;30px|30px|30px|30px|true|true&#8221; custom_padding_phone=&#8221;20px|20px|20px|20px|true|true&#8221; custom_padding_last_edited=&#8221;on|desktop&#8221; border_radii=&#8221;on|30px|30px|30px|30px&#8221; box_shadow_style=&#8221;preset4&#8243; box_shadow_horizontal=&#8221;50px&#8221; box_shadow_vertical=&#8221;-50px&#8221; box_shadow_blur=&#8221;80px&#8221; box_shadow_color=&#8221;rgba(9,9,21,0.35)&#8221; global_colors_info=&#8221;{}&#8221;][et_pb_blurb use_icon=&#8221;on&#8221; font_icon=&#8221;&#xf098;||fa||900&#8243; icon_color=&#8221;gcid-a3e5931d-af7f-4296-a59b-0d751af012d0&#8243; _builder_version=&#8221;4.21.0&#8243; _module_preset=&#8221;6187dea4-6180-46b8-b59a-555f6a426e98&#8243; custom_margin=&#8221;||0px||false|false&#8221; locked=&#8221;off&#8221; global_colors_info=&#8221;{%22gcid-a3e5931d-af7f-4296-a59b-0d751af012d0%22:%91%22icon_color%22%93}&#8221;][\/et_pb_blurb][et_pb_text _builder_version=&#8221;4.21.0&#8243; _module_preset=&#8221;a11d6a35-f52a-42c5-9515-518ba6bbfc31&#8243; custom_margin=&#8221;||0px||false|false&#8221; global_colors_info=&#8221;{}&#8221;]<\/p>\n<h4><span>Tel\u00e9fonos<\/span><\/h4>\n<p>[\/et_pb_text][et_pb_text _builder_version=&#8221;4.25.2&#8243; _module_preset=&#8221;c26ad806-495e-44dc-83a6-7029655044b5&#8243; global_colors_info=&#8221;{}&#8221;]<\/p>\n<p>\u00a0<span style=\"font-style: inherit; font-weight: inherit;\">No dudes en llamarnos para conversar directamente con uno de nuestros expertos. Estaremos encantados de responder a todas tus preguntas y ofrecerte asesoramiento personalizado.<\/span><\/p>\n<p>[\/et_pb_text][et_pb_text _builder_version=&#8221;4.21.0&#8243; _module_preset=&#8221;e83fffb3-db8b-4c03-bbf9-31e742322df7&#8243; text_text_color=&#8221;gcid-a3e5931d-af7f-4296-a59b-0d751af012d0&#8243; global_colors_info=&#8221;{%22gcid-a3e5931d-af7f-4296-a59b-0d751af012d0%22:%91%22text_text_color%22%93}&#8221;]<\/p>\n<p><span>+52 3338092176 (M\u00e9xico) +55 51590366 (M\u00e9xico)<\/span><\/p>\n<p>[\/et_pb_text][\/et_pb_column][et_pb_column type=&#8221;1_2&#8243; _builder_version=&#8221;4.19.2&#8243; _module_preset=&#8221;default&#8221; use_background_color_gradient=&#8221;on&#8221; background_color_gradient_direction=&#8221;210deg&#8221; background_color_gradient_stops=&#8221;rgba(255,255,255,0.1) 20%|rgba(255,255,255,0) 70%&#8221; custom_padding=&#8221;30px|30px|30px|30px|true|true&#8221; custom_padding_tablet=&#8221;30px|30px|30px|30px|true|true&#8221; custom_padding_phone=&#8221;20px|20px|20px|20px|true|true&#8221; custom_padding_last_edited=&#8221;on|desktop&#8221; border_radii=&#8221;on|30px|30px|30px|30px&#8221; box_shadow_style=&#8221;preset4&#8243; box_shadow_horizontal=&#8221;50px&#8221; box_shadow_vertical=&#8221;-50px&#8221; box_shadow_blur=&#8221;80px&#8221; box_shadow_color=&#8221;rgba(9,9,21,0.35)&#8221; global_colors_info=&#8221;{}&#8221;][et_pb_blurb use_icon=&#8221;on&#8221; font_icon=&#8221;&#xe076;||divi||400&#8243; icon_color=&#8221;gcid-a3e5931d-af7f-4296-a59b-0d751af012d0&#8243; _builder_version=&#8221;4.21.0&#8243; _module_preset=&#8221;6187dea4-6180-46b8-b59a-555f6a426e98&#8243; custom_margin=&#8221;||0px||false|false&#8221; locked=&#8221;off&#8221; global_colors_info=&#8221;{%22gcid-a3e5931d-af7f-4296-a59b-0d751af012d0%22:%91%22icon_color%22%93}&#8221;][\/et_pb_blurb][et_pb_text _builder_version=&#8221;4.21.0&#8243; _module_preset=&#8221;a11d6a35-f52a-42c5-9515-518ba6bbfc31&#8243; custom_margin=&#8221;||0px||false|false&#8221; locked=&#8221;off&#8221; global_colors_info=&#8221;{}&#8221;]<\/p>\n<p>Email<\/p>\n<p>[\/et_pb_text][et_pb_text _builder_version=&#8221;4.25.0&#8243; _module_preset=&#8221;c26ad806-495e-44dc-83a6-7029655044b5&#8243; custom_padding=&#8221;|2px||||&#8221; locked=&#8221;off&#8221; global_colors_info=&#8221;{}&#8221;]<\/p>\n<p><span>Env\u00edanos un correo electr\u00f3nico y te responderemos a la brevedad posible. Nuestro equipo estar\u00e1 encantado de ayudarte y proporcionarte la informaci\u00f3n que necesitas.<\/span><\/p>\n<p><span><\/span><\/p>\n<p><span style=\"color: #09f6ff;\"><a href=\"mailto:bluemintdata@gmail.com\" target=\"_new\" rel=\"noopener\" style=\"color: #09f6ff;\">bluemintdata@gmail.com<\/a><\/span><span><\/span><\/p>\n<p>[\/et_pb_text][\/et_pb_column][\/et_pb_row][\/et_pb_section]<\/p>\n","protected":false},"excerpt":{"rendered":"<p>[divi_step_booking booking_params=&#8221;off&#8221; _builder_version=&#8221;4.27.0&#8243; _module_preset=&#8221;default&#8221; global_colors_info=&#8221;{}&#8221;][\/divi_step_booking] \uf098 Tel\u00e9fonos \u00a0No dudes en llamarnos para conversar directamente con uno de nuestros expertos. Estaremos encantados de responder a todas tus preguntas y ofrecerte asesoramiento personalizado. +52 3338092176 (M\u00e9xico) +55 51590366 (M\u00e9xico) \ue076 Email Env\u00edanos un correo electr\u00f3nico y te responderemos a la brevedad posible. Nuestro equipo estar\u00e1 encantado&#8230;<\/p>\n","protected":false},"author":4,"featured_media":0,"parent":0,"menu_order":0,"comment_status":"closed","ping_status":"closed","template":"","meta":{"_et_pb_use_builder":"on","_et_pb_old_content":"","_et_gb_content_width":"","site-sidebar-layout":"default","site-content-layout":"","ast-site-content-layout":"default","site-content-style":"default","site-sidebar-style":"default","ast-global-header-display":"","ast-banner-title-visibility":"","ast-main-header-display":"","ast-hfb-above-header-display":"","ast-hfb-below-header-display":"","ast-hfb-mobile-header-display":"","site-post-title":"disabled","ast-breadcrumbs-content":"","ast-featured-img":"","footer-sml-layout":"","ast-disable-related-posts":"","theme-transparent-header-meta":"","adv-header-id-meta":"","stick-header-meta":"","header-above-stick-meta":"","header-main-stick-meta":"","header-below-stick-meta":"","astra-migrate-meta-layouts":"set","ast-page-background-enabled":"default","ast-page-background-meta":{"desktop":{"background-color":"var(--ast-global-color-4)","background-image":"","background-repeat":"repeat","background-position":"center center","background-size":"auto","background-attachment":"scroll","background-type":"","background-media":"","overlay-type":"","overlay-color":"","overlay-opacity":"","overlay-gradient":""},"tablet":{"background-color":"","background-image":"","background-repeat":"repeat","background-position":"center center","background-size":"auto","background-attachment":"scroll","background-type":"","background-media":"","overlay-type":"","overlay-color":"","overlay-opacity":"","overlay-gradient":""},"mobile":{"background-color":"","background-image":"","background-repeat":"repeat","background-position":"center center","background-size":"auto","background-attachment":"scroll","background-type":"","background-media":"","overlay-type":"","overlay-color":"","overlay-opacity":"","overlay-gradient":""}},"ast-content-background-meta":{"desktop":{"background-color":"var(--ast-global-color-5)","background-image":"","background-repeat":"repeat","background-position":"center center","background-size":"auto","background-attachment":"scroll","background-type":"","background-media":"","overlay-type":"","overlay-color":"","overlay-opacity":"","overlay-gradient":""},"tablet":{"background-color":"var(--ast-global-color-5)","background-image":"","background-repeat":"repeat","background-position":"center center","background-size":"auto","background-attachment":"scroll","background-type":"","background-media":"","overlay-type":"","overlay-color":"","overlay-opacity":"","overlay-gradient":""},"mobile":{"background-color":"var(--ast-global-color-5)","background-image":"","background-repeat":"repeat","background-position":"center center","background-size":"auto","background-attachment":"scroll","background-type":"","background-media":"","overlay-type":"","overlay-color":"","overlay-opacity":"","overlay-gradient":""}},"_joinchat":[],"footnotes":""},"class_list":["post-1076","page","type-page","status-publish","hentry"],"yoast_head":"<!-- This site is optimized with the Yoast SEO plugin v27.3 - https:\/\/yoast.com\/product\/yoast-seo-wordpress\/ -->\n<title>Agendar cita -<\/title>\n<meta name=\"robots\" content=\"index, follow, max-snippet:-1, max-image-preview:large, max-video-preview:-1\" \/>\n<link rel=\"canonical\" href=\"https:\/\/bluemintdata.com\/en\/agendar-cita\/\" \/>\n<meta property=\"og:locale\" content=\"en_US\" \/>\n<meta property=\"og:type\" content=\"article\" \/>\n<meta property=\"og:title\" content=\"Agendar cita -\" \/>\n<meta property=\"og:description\" content=\"[divi_step_booking booking_params=&#8221;off&#8221; _builder_version=&#8221;4.27.0&#8243; _module_preset=&#8221;default&#8221; global_colors_info=&#8221;{}&#8221;][\/divi_step_booking] \uf098 Tel\u00e9fonos \u00a0No dudes en llamarnos para conversar directamente con uno de nuestros expertos. Estaremos encantados de responder a todas tus preguntas y ofrecerte asesoramiento personalizado. +52 3338092176 (M\u00e9xico) +55 51590366 (M\u00e9xico) \ue076 Email Env\u00edanos un correo electr\u00f3nico y te responderemos a la brevedad posible. Nuestro equipo estar\u00e1 encantado...\" \/>\n<meta property=\"og:url\" content=\"https:\/\/bluemintdata.com\/en\/agendar-cita\/\" \/>\n<meta property=\"article:modified_time\" content=\"2024-08-12T19:48:09+00:00\" \/>\n<meta name=\"twitter:card\" content=\"summary_large_image\" \/>\n<meta name=\"twitter:label1\" content=\"Est. reading time\" \/>\n\t<meta name=\"twitter:data1\" content=\"1 minute\" \/>\n<script type=\"application\/ld+json\" class=\"yoast-schema-graph\">{\"@context\":\"https:\\\/\\\/schema.org\",\"@graph\":[{\"@type\":\"WebPage\",\"@id\":\"https:\\\/\\\/bluemintdata.com\\\/agendar-cita\\\/\",\"url\":\"https:\\\/\\\/bluemintdata.com\\\/agendar-cita\\\/\",\"name\":\"Agendar cita -\",\"isPartOf\":{\"@id\":\"https:\\\/\\\/bluemintdata.com\\\/#website\"},\"datePublished\":\"2024-07-23T19:02:18+00:00\",\"dateModified\":\"2024-08-12T19:48:09+00:00\",\"breadcrumb\":{\"@id\":\"https:\\\/\\\/bluemintdata.com\\\/agendar-cita\\\/#breadcrumb\"},\"inLanguage\":\"en-US\",\"potentialAction\":[{\"@type\":\"ReadAction\",\"target\":[\"https:\\\/\\\/bluemintdata.com\\\/agendar-cita\\\/\"]}]},{\"@type\":\"BreadcrumbList\",\"@id\":\"https:\\\/\\\/bluemintdata.com\\\/agendar-cita\\\/#breadcrumb\",\"itemListElement\":[{\"@type\":\"ListItem\",\"position\":1,\"name\":\"Home\",\"item\":\"https:\\\/\\\/bluemintdata.com\\\/\"},{\"@type\":\"ListItem\",\"position\":2,\"name\":\"Agendar cita\"}]},{\"@type\":\"WebSite\",\"@id\":\"https:\\\/\\\/bluemintdata.com\\\/#website\",\"url\":\"https:\\\/\\\/bluemintdata.com\\\/\",\"name\":\"\",\"description\":\"\",\"potentialAction\":[{\"@type\":\"SearchAction\",\"target\":{\"@type\":\"EntryPoint\",\"urlTemplate\":\"https:\\\/\\\/bluemintdata.com\\\/?s={search_term_string}\"},\"query-input\":{\"@type\":\"PropertyValueSpecification\",\"valueRequired\":true,\"valueName\":\"search_term_string\"}}],\"inLanguage\":\"en-US\"}]}<\/script>\n<!-- \/ Yoast SEO plugin. -->","yoast_head_json":{"title":"Agendar cita -","robots":{"index":"index","follow":"follow","max-snippet":"max-snippet:-1","max-image-preview":"max-image-preview:large","max-video-preview":"max-video-preview:-1"},"canonical":"https:\/\/bluemintdata.com\/en\/agendar-cita\/","og_locale":"en_US","og_type":"article","og_title":"Agendar cita -","og_description":"[divi_step_booking booking_params=&#8221;off&#8221; _builder_version=&#8221;4.27.0&#8243; _module_preset=&#8221;default&#8221; global_colors_info=&#8221;{}&#8221;][\/divi_step_booking] \uf098 Tel\u00e9fonos \u00a0No dudes en llamarnos para conversar directamente con uno de nuestros expertos. Estaremos encantados de responder a todas tus preguntas y ofrecerte asesoramiento personalizado. +52 3338092176 (M\u00e9xico) +55 51590366 (M\u00e9xico) \ue076 Email Env\u00edanos un correo electr\u00f3nico y te responderemos a la brevedad posible. Nuestro equipo estar\u00e1 encantado...","og_url":"https:\/\/bluemintdata.com\/en\/agendar-cita\/","article_modified_time":"2024-08-12T19:48:09+00:00","twitter_card":"summary_large_image","twitter_misc":{"Est. reading time":"1 minute"},"schema":{"@context":"https:\/\/schema.org","@graph":[{"@type":"WebPage","@id":"https:\/\/bluemintdata.com\/agendar-cita\/","url":"https:\/\/bluemintdata.com\/agendar-cita\/","name":"Agendar cita -","isPartOf":{"@id":"https:\/\/bluemintdata.com\/#website"},"datePublished":"2024-07-23T19:02:18+00:00","dateModified":"2024-08-12T19:48:09+00:00","breadcrumb":{"@id":"https:\/\/bluemintdata.com\/agendar-cita\/#breadcrumb"},"inLanguage":"en-US","potentialAction":[{"@type":"ReadAction","target":["https:\/\/bluemintdata.com\/agendar-cita\/"]}]},{"@type":"BreadcrumbList","@id":"https:\/\/bluemintdata.com\/agendar-cita\/#breadcrumb","itemListElement":[{"@type":"ListItem","position":1,"name":"Home","item":"https:\/\/bluemintdata.com\/"},{"@type":"ListItem","position":2,"name":"Agendar cita"}]},{"@type":"WebSite","@id":"https:\/\/bluemintdata.com\/#website","url":"https:\/\/bluemintdata.com\/","name":"","description":"","potentialAction":[{"@type":"SearchAction","target":{"@type":"EntryPoint","urlTemplate":"https:\/\/bluemintdata.com\/?s={search_term_string}"},"query-input":{"@type":"PropertyValueSpecification","valueRequired":true,"valueName":"search_term_string"}}],"inLanguage":"en-US"}]}},"_links":{"self":[{"href":"https:\/\/bluemintdata.com\/en\/wp-json\/wp\/v2\/pages\/1076","targetHints":{"allow":["GET"]}}],"collection":[{"href":"https:\/\/bluemintdata.com\/en\/wp-json\/wp\/v2\/pages"}],"about":[{"href":"https:\/\/bluemintdata.com\/en\/wp-json\/wp\/v2\/types\/page"}],"author":[{"embeddable":true,"href":"https:\/\/bluemintdata.com\/en\/wp-json\/wp\/v2\/users\/4"}],"replies":[{"embeddable":true,"href":"https:\/\/bluemintdata.com\/en\/wp-json\/wp\/v2\/comments?post=1076"}],"version-history":[{"count":11,"href":"https:\/\/bluemintdata.com\/en\/wp-json\/wp\/v2\/pages\/1076\/revisions"}],"predecessor-version":[{"id":1112,"href":"https:\/\/bluemintdata.com\/en\/wp-json\/wp\/v2\/pages\/1076\/revisions\/1112"}],"wp:attachment":[{"href":"https:\/\/bluemintdata.com\/en\/wp-json\/wp\/v2\/media?parent=1076"}],"curies":[{"name":"wp","href":"https:\/\/api.w.org\/{rel}","templated":true}]}}